{"id":2597,"date":"2024-04-16T02:35:46","date_gmt":"2024-04-16T06:35:46","guid":{"rendered":"https:\/\/laveautoadl.com\/?page_id=2597"},"modified":"2025-08-06T02:31:23","modified_gmt":"2025-08-06T06:31:23","slug":"soumission","status":"publish","type":"page","link":"https:\/\/laveautoadl.com\/index.php\/soumission\/","title":{"rendered":"Soumission"},"content":{"rendered":"\t\t<div data-elementor-type=\"wp-page\" data-elementor-id=\"2597\" class=\"elementor elementor-2597\">\n\t\t\t\t<div class=\"elementor-element elementor-element-1569f2f e-flex e-con-boxed e-con e-parent\" data-id=\"1569f2f\" data-element_type=\"container\" data-e-type=\"container\" data-settings=\"{&quot;background_background&quot;:&quot;gradient&quot;}\">\n\t\t\t\t\t<div class=\"e-con-inner\">\n\t\t\t\t<div class=\"elementor-element elementor-element-432da50 elementor-widget elementor-widget-heading\" data-id=\"432da50\" data-element_type=\"widget\" data-e-type=\"widget\" data-widget_type=\"heading.default\">\n\t\t\t\t<div class=\"elementor-widget-container\">\n\t\t\t\t\t<h2 class=\"elementor-heading-title elementor-size-default\">SOUMISSION<\/h2>\t\t\t\t<\/div>\n\t\t\t\t<\/div>\n\t\t<div class=\"elementor-element elementor-element-f84d318 e-con-full e-flex e-con e-child\" data-id=\"f84d318\" data-element_type=\"container\" data-e-type=\"container\">\n\t\t\t\t<div class=\"elementor-element elementor-element-06b584f animated-fast elementor-invisible elementor-widget elementor-widget-image\" data-id=\"06b584f\" data-element_type=\"widget\" data-e-type=\"widget\" data-settings=\"{&quot;_animation&quot;:&quot;slideInRight&quot;}\" data-widget_type=\"image.default\">\n\t\t\t\t<div class=\"elementor-widget-container\">\n\t\t\t\t\t\t\t\t\t\t\t\t\t\t\t<img fetchpriority=\"high\" decoding=\"async\" width=\"1024\" height=\"455\" src=\"https:\/\/i0.wp.com\/laveautoadl.com\/wp-content\/uploads\/2024\/03\/Driver-ombre.webp?fit=1024%2C455&amp;ssl=1\" class=\"attachment-large size-large wp-image-1925\" alt=\"Cadillac Driver ADL Car Wash\" srcset=\"https:\/\/i0.wp.com\/laveautoadl.com\/wp-content\/uploads\/2024\/03\/Driver-ombre.webp?w=1920&amp;ssl=1 1920w, https:\/\/i0.wp.com\/laveautoadl.com\/wp-content\/uploads\/2024\/03\/Driver-ombre.webp?resize=300%2C133&amp;ssl=1 300w, https:\/\/i0.wp.com\/laveautoadl.com\/wp-content\/uploads\/2024\/03\/Driver-ombre.webp?resize=1024%2C455&amp;ssl=1 1024w, https:\/\/i0.wp.com\/laveautoadl.com\/wp-content\/uploads\/2024\/03\/Driver-ombre.webp?resize=768%2C341&amp;ssl=1 768w, https:\/\/i0.wp.com\/laveautoadl.com\/wp-content\/uploads\/2024\/03\/Driver-ombre.webp?resize=1536%2C683&amp;ssl=1 1536w, https:\/\/i0.wp.com\/laveautoadl.com\/wp-content\/uploads\/2024\/03\/Driver-ombre.webp?resize=600%2C267&amp;ssl=1 600w\" sizes=\"(max-width: 1024px) 100vw, 1024px\" \/>\t\t\t\t\t\t\t\t\t\t\t\t\t\t\t<\/div>\n\t\t\t\t<\/div>\n\t\t\t\t<\/div>\n\t\t<div class=\"elementor-element elementor-element-2a909f2 e-con-full e-flex e-con e-child\" data-id=\"2a909f2\" data-element_type=\"container\" data-e-type=\"container\">\n\t\t\t\t<div class=\"elementor-element elementor-element-63c7851 animated-fast elementor-invisible elementor-widget elementor-widget-image\" data-id=\"63c7851\" data-element_type=\"widget\" data-e-type=\"widget\" data-settings=\"{&quot;_animation&quot;:&quot;slideInLeft&quot;}\" data-widget_type=\"image.default\">\n\t\t\t\t<div class=\"elementor-widget-container\">\n\t\t\t\t\t\t\t\t\t\t\t\t\t\t\t<img decoding=\"async\" width=\"1024\" height=\"455\" src=\"https:\/\/i0.wp.com\/laveautoadl.com\/wp-content\/uploads\/2024\/03\/Helper-ombre.webp?fit=1024%2C455&amp;ssl=1\" class=\"attachment-large size-large wp-image-1929\" alt=\"Cadillac Helper ADL Car Wash\" srcset=\"https:\/\/i0.wp.com\/laveautoadl.com\/wp-content\/uploads\/2024\/03\/Helper-ombre.webp?w=1920&amp;ssl=1 1920w, https:\/\/i0.wp.com\/laveautoadl.com\/wp-content\/uploads\/2024\/03\/Helper-ombre.webp?resize=300%2C133&amp;ssl=1 300w, https:\/\/i0.wp.com\/laveautoadl.com\/wp-content\/uploads\/2024\/03\/Helper-ombre.webp?resize=1024%2C455&amp;ssl=1 1024w, https:\/\/i0.wp.com\/laveautoadl.com\/wp-content\/uploads\/2024\/03\/Helper-ombre.webp?resize=768%2C341&amp;ssl=1 768w, https:\/\/i0.wp.com\/laveautoadl.com\/wp-content\/uploads\/2024\/03\/Helper-ombre.webp?resize=1536%2C683&amp;ssl=1 1536w, https:\/\/i0.wp.com\/laveautoadl.com\/wp-content\/uploads\/2024\/03\/Helper-ombre.webp?resize=600%2C267&amp;ssl=1 600w\" sizes=\"(max-width: 1024px) 100vw, 1024px\" \/>\t\t\t\t\t\t\t\t\t\t\t\t\t\t\t<\/div>\n\t\t\t\t<\/div>\n\t\t\t\t<\/div>\n\t\t\t\t\t<\/div>\n\t\t\t\t<\/div>\n\t\t<div class=\"elementor-element elementor-element-c097ddd e-flex e-con-boxed e-con e-parent\" data-id=\"c097ddd\" data-element_type=\"container\" data-e-type=\"container\" data-settings=\"{&quot;background_background&quot;:&quot;classic&quot;}\">\n\t\t\t\t\t<div class=\"e-con-inner\">\n\t\t<div class=\"elementor-element elementor-element-966fd75 e-con-full e-flex e-con e-child\" data-id=\"966fd75\" data-element_type=\"container\" data-e-type=\"container\" data-settings=\"{&quot;background_background&quot;:&quot;classic&quot;}\">\n\t\t\t\t<div class=\"elementor-element elementor-element-043ab87 elementor-widget elementor-widget-heading\" data-id=\"043ab87\" data-element_type=\"widget\" data-e-type=\"widget\" data-widget_type=\"heading.default\">\n\t\t\t\t<div class=\"elementor-widget-container\">\n\t\t\t\t\t<h2 class=\"elementor-heading-title elementor-size-default\">Formulaire de soumission rapide<\/h2>\t\t\t\t<\/div>\n\t\t\t\t<\/div>\n\t\t\t\t<div class=\"elementor-element elementor-element-49f8227 elementor-widget__width-initial elementor-widget-tablet__width-inherit elementor-widget elementor-widget-text-editor\" data-id=\"49f8227\" data-element_type=\"widget\" data-e-type=\"widget\" data-widget_type=\"text-editor.default\">\n\t\t\t\t<div class=\"elementor-widget-container\">\n\t\t\t\t\t\t\t\t\t<p>Laissez nous un message d\u00e9taill\u00e9 afin de vous proposer les services qui conviennent \u00e0 vos besoins. Et visitez la section FORFAITS pour prendre connaissance de nos forfaits les plus populaires.\u00a0<\/p>\t\t\t\t\t\t\t\t<\/div>\n\t\t\t\t<\/div>\n\t\t\t\t<div class=\"elementor-element elementor-element-89232c6 wpform-dark-background elementor-widget elementor-widget-wpforms\" data-id=\"89232c6\" data-element_type=\"widget\" data-e-type=\"widget\" data-widget_type=\"wpforms.default\">\n\t\t\t\t<div class=\"elementor-widget-container\">\n\t\t\t\t\t<div class=\"wpforms-container wpforms-container-full wpforms-render-modern\" id=\"wpforms-2569\"><form id=\"wpforms-form-2569\" class=\"wpforms-validate wpforms-form wpforms-ajax-form\" data-formid=\"2569\" method=\"post\" enctype=\"multipart\/form-data\" action=\"\/index.php\/wp-json\/wp\/v2\/pages\/2597\" data-token=\"4079640bd98990a730f5fabc95100aba\" data-token-time=\"1776610906\"><noscript class=\"wpforms-error-noscript\">Please enable JavaScript in your browser to complete this form.<\/noscript><div id=\"wpforms-error-noscript\" style=\"display: none;\">Please enable JavaScript in your browser to complete this form.<\/div><div class=\"wpforms-field-container\"><div id=\"wpforms-2569-field_8-container\" class=\"wpforms-field wpforms-field-name\" data-field-id=\"8\"><fieldset><legend class=\"wpforms-field-label\">Votre Nom <span class=\"wpforms-required-label\" aria-hidden=\"true\">*<\/span><\/legend><div class=\"wpforms-field-row wpforms-field-medium\"><div class=\"wpforms-field-row-block wpforms-first wpforms-one-half\"><input type=\"text\" id=\"wpforms-2569-field_8\" class=\"wpforms-field-name-first wpforms-field-required\" name=\"wpforms[fields][8][first]\" placeholder=\"Pr\u00e9nom\" aria-errormessage=\"wpforms-2569-field_8-error\" required><label for=\"wpforms-2569-field_8\" class=\"wpforms-field-sublabel after wpforms-sublabel-hide\">First<\/label><\/div><div class=\"wpforms-field-row-block wpforms-one-half\"><input type=\"text\" id=\"wpforms-2569-field_8-last\" class=\"wpforms-field-name-last wpforms-field-required\" name=\"wpforms[fields][8][last]\" placeholder=\"Nom\" aria-errormessage=\"wpforms-2569-field_8-last-error\" required><label for=\"wpforms-2569-field_8-last\" class=\"wpforms-field-sublabel after wpforms-sublabel-hide\">Last<\/label><\/div><\/div><\/fieldset><\/div><div id=\"wpforms-2569-field_9-container\" class=\"wpforms-field wpforms-field-number\" data-field-id=\"9\"><label class=\"wpforms-field-label\" for=\"wpforms-2569-field_9\">Num\u00e9ro de t\u00e9l\u00e9phone <span class=\"wpforms-required-label\" aria-hidden=\"true\">*<\/span><\/label><input type=\"number\" id=\"wpforms-2569-field_9\" class=\"wpforms-field-medium wpforms-field-required\" name=\"wpforms[fields][9]\" step=\"any\" aria-errormessage=\"wpforms-2569-field_9-error\" required><\/div><div id=\"wpforms-2569-field_7-container\" class=\"wpforms-field wpforms-field-email\" data-field-id=\"7\"><label class=\"wpforms-field-label\" for=\"wpforms-2569-field_7\">Courriel <span class=\"wpforms-required-label\" aria-hidden=\"true\">*<\/span><\/label><input type=\"email\" id=\"wpforms-2569-field_7\" class=\"wpforms-field-medium wpforms-field-required\" name=\"wpforms[fields][7]\" spellcheck=\"false\" aria-errormessage=\"wpforms-2569-field_7-error\" required><\/div><div id=\"wpforms-2569-field_2-container\" class=\"wpforms-field wpforms-field-text\" data-field-id=\"2\"><label class=\"wpforms-field-label\" for=\"wpforms-2569-field_2\">Marque du v\u00e9hicule <span class=\"wpforms-required-label\" aria-hidden=\"true\">*<\/span><\/label><input type=\"text\" id=\"wpforms-2569-field_2\" class=\"wpforms-field-medium wpforms-field-required\" name=\"wpforms[fields][2]\" aria-errormessage=\"wpforms-2569-field_2-error\" required><\/div><div id=\"wpforms-2569-field_3-container\" class=\"wpforms-field wpforms-field-text\" data-field-id=\"3\"><label class=\"wpforms-field-label\" for=\"wpforms-2569-field_3\">Mod\u00e8le du v\u00e9hicule <span class=\"wpforms-required-label\" aria-hidden=\"true\">*<\/span><\/label><input type=\"text\" id=\"wpforms-2569-field_3\" class=\"wpforms-field-medium wpforms-field-required\" name=\"wpforms[fields][3]\" aria-errormessage=\"wpforms-2569-field_3-error\" required><\/div>\t\t<div id=\"wpforms-2569-field_4-container\"\n\t\t\tclass=\"wpforms-field wpforms-field-text\"\n\t\t\tdata-field-type=\"text\"\n\t\t\tdata-field-id=\"4\"\n\t\t\t>\n\t\t\t<label class=\"wpforms-field-label\" for=\"wpforms-2569-field_4\" >Informations Courriel Mod\u00e8le<\/label>\n\t\t\t<input type=\"text\" id=\"wpforms-2569-field_4\" class=\"wpforms-field-medium\" name=\"wpforms[fields][4]\" >\n\t\t<\/div>\n\t\t<div id=\"wpforms-2569-field_1-container\" class=\"wpforms-field wpforms-field-number\" data-field-id=\"1\"><label class=\"wpforms-field-label\" for=\"wpforms-2569-field_1\">Ann\u00e9e du v\u00e9hicule <span class=\"wpforms-required-label\" aria-hidden=\"true\">*<\/span><\/label><input type=\"number\" id=\"wpforms-2569-field_1\" class=\"wpforms-field-medium wpforms-field-required\" name=\"wpforms[fields][1]\" step=\"any\" aria-errormessage=\"wpforms-2569-field_1-error\" required><\/div><div id=\"wpforms-2569-field_13-container\" class=\"wpforms-field wpforms-field-textarea\" data-field-id=\"13\"><label class=\"wpforms-field-label\" for=\"wpforms-2569-field_13\">Informations suppl\u00e9mentaires<\/label><textarea id=\"wpforms-2569-field_13\" class=\"wpforms-field-medium\" name=\"wpforms[fields][13]\" aria-errormessage=\"wpforms-2569-field_13-error\" ><\/textarea><\/div><div id=\"wpforms-2569-field_12-container\" class=\"wpforms-field wpforms-field-checkbox wpforms-list-inline\" data-field-id=\"12\"><fieldset><legend class=\"wpforms-field-label\">Forfait (optionnel)<\/legend><ul id=\"wpforms-2569-field_12\" data-choice-limit=\"1\"><li class=\"choice-1 depth-1\"><input type=\"checkbox\" id=\"wpforms-2569-field_12_1\" data-rule-check-limit=\"true\" name=\"wpforms[fields][12][]\" value=\"BRONZE\" aria-errormessage=\"wpforms-2569-field_12_1-error\" aria-describedby=\"wpforms-2569-field_12-description\"  ><label class=\"wpforms-field-label-inline\" for=\"wpforms-2569-field_12_1\">BRONZE<\/label><\/li><li class=\"choice-2 depth-1\"><input type=\"checkbox\" id=\"wpforms-2569-field_12_2\" data-rule-check-limit=\"true\" name=\"wpforms[fields][12][]\" value=\"BRONZE PLUS\" aria-errormessage=\"wpforms-2569-field_12_2-error\" aria-describedby=\"wpforms-2569-field_12-description\"  ><label class=\"wpforms-field-label-inline\" for=\"wpforms-2569-field_12_2\">BRONZE PLUS<\/label><\/li><li class=\"choice-3 depth-1\"><input type=\"checkbox\" id=\"wpforms-2569-field_12_3\" data-rule-check-limit=\"true\" name=\"wpforms[fields][12][]\" value=\"BRONZE COMPLET\" aria-errormessage=\"wpforms-2569-field_12_3-error\" aria-describedby=\"wpforms-2569-field_12-description\"  ><label class=\"wpforms-field-label-inline\" for=\"wpforms-2569-field_12_3\">BRONZE COMPLET<\/label><\/li><li class=\"choice-8 depth-1\"><input type=\"checkbox\" id=\"wpforms-2569-field_12_8\" data-rule-check-limit=\"true\" name=\"wpforms[fields][12][]\" value=\"ARGENT\" aria-errormessage=\"wpforms-2569-field_12_8-error\" aria-describedby=\"wpforms-2569-field_12-description\"  ><label class=\"wpforms-field-label-inline\" for=\"wpforms-2569-field_12_8\">ARGENT<\/label><\/li><li class=\"choice-7 depth-1\"><input type=\"checkbox\" id=\"wpforms-2569-field_12_7\" data-rule-check-limit=\"true\" name=\"wpforms[fields][12][]\" value=\"ARGENT PLUS\" aria-errormessage=\"wpforms-2569-field_12_7-error\" aria-describedby=\"wpforms-2569-field_12-description\"  ><label class=\"wpforms-field-label-inline\" for=\"wpforms-2569-field_12_7\">ARGENT PLUS<\/label><\/li><li class=\"choice-6 depth-1\"><input type=\"checkbox\" id=\"wpforms-2569-field_12_6\" data-rule-check-limit=\"true\" name=\"wpforms[fields][12][]\" value=\"ARGENT COMPLET\" aria-errormessage=\"wpforms-2569-field_12_6-error\" aria-describedby=\"wpforms-2569-field_12-description\"  ><label class=\"wpforms-field-label-inline\" for=\"wpforms-2569-field_12_6\">ARGENT COMPLET<\/label><\/li><li class=\"choice-9 depth-1\"><input type=\"checkbox\" id=\"wpforms-2569-field_12_9\" data-rule-check-limit=\"true\" name=\"wpforms[fields][12][]\" value=\"PLATINE\" aria-errormessage=\"wpforms-2569-field_12_9-error\" aria-describedby=\"wpforms-2569-field_12-description\"  ><label class=\"wpforms-field-label-inline\" for=\"wpforms-2569-field_12_9\">PLATINE<\/label><\/li><\/ul><div id=\"wpforms-2569-field_12-description\" class=\"wpforms-field-description\">Avez-vous visitez la section FORFAITS?<\/div><\/fieldset><\/div><script>\n\t\t\t\t( function() {\n\t\t\t\t\tconst style = document.createElement( 'style' );\n\t\t\t\t\tstyle.appendChild( document.createTextNode( '#wpforms-2569-field_4-container { position: absolute !important; overflow: hidden !important; display: inline !important; height: 1px !important; width: 1px !important; z-index: -1000 !important; padding: 0 !important; } #wpforms-2569-field_4-container input { visibility: hidden; } #wpforms-conversational-form-page #wpforms-2569-field_4-container label { counter-increment: none; }' ) );\n\t\t\t\t\tdocument.head.appendChild( style );\n\t\t\t\t\tdocument.currentScript?.remove();\n\t\t\t\t} )();\n\t\t\t<\/script><\/div><!-- .wpforms-field-container --><div class=\"wpforms-recaptcha-container wpforms-is-recaptcha wpforms-is-recaptcha-type-v2\" ><div class=\"g-recaptcha\" data-sitekey=\"6LdO_TUqAAAAADn7AwUYqfjgzbSVDg6HUgXjJBgG\"><\/div><input type=\"text\" name=\"g-recaptcha-hidden\" class=\"wpforms-recaptcha-hidden\" style=\"position:absolute!important;clip:rect(0,0,0,0)!important;height:1px!important;width:1px!important;border:0!important;overflow:hidden!important;padding:0!important;margin:0!important;\" data-rule-recaptcha=\"1\"><\/div><div class=\"wpforms-submit-container\" ><input type=\"hidden\" name=\"wpforms[id]\" value=\"2569\"><input type=\"hidden\" name=\"page_title\" value=\"\"><input type=\"hidden\" name=\"page_url\" value=\"https:\/\/laveautoadl.com\/index.php\/wp-json\/wp\/v2\/pages\/2597\"><input type=\"hidden\" name=\"url_referer\" value=\"\"><button type=\"submit\" name=\"wpforms[submit]\" id=\"wpforms-submit-2569\" class=\"wpforms-submit\" data-alt-text=\"en cours...\" data-submit-text=\"Envoi\" aria-live=\"assertive\" value=\"wpforms-submit\">Envoi<\/button><img decoding=\"async\" src=\"https:\/\/laveautoadl.com\/wp-content\/plugins\/wpforms-lite\/assets\/images\/submit-spin.svg\" class=\"wpforms-submit-spinner\" style=\"display: none;\" width=\"26\" height=\"26\" alt=\"Loading\"><\/div><\/form><\/div>  <!-- .wpforms-container -->\t\t\t\t<\/div>\n\t\t\t\t<\/div>\n\t\t\t\t<div class=\"elementor-element elementor-element-02a87eb elementor-widget elementor-widget-text-editor\" data-id=\"02a87eb\" data-element_type=\"widget\" data-e-type=\"widget\" data-widget_type=\"text-editor.default\">\n\t\t\t\t<div class=\"elementor-widget-container\">\n\t\t\t\t\t\t\t\t\t<p>En soumettant mes donn\u00e9es, j&rsquo;accepte d&rsquo;\u00eatre contact\u00e9.<\/p>\t\t\t\t\t\t\t\t<\/div>\n\t\t\t\t<\/div>\n\t\t\t\t<div class=\"elementor-element elementor-element-5f44239 elementor-align-left elementor-widget elementor-widget-button\" data-id=\"5f44239\" data-element_type=\"widget\" data-e-type=\"widget\" data-widget_type=\"button.default\">\n\t\t\t\t<div class=\"elementor-widget-container\">\n\t\t\t\t\t\t\t\t\t<div class=\"elementor-button-wrapper\">\n\t\t\t\t\t<a class=\"elementor-button elementor-button-link elementor-size-sm\" href=\"https:\/\/laveautoadl.com\/index.php\/nos-forfaits\/\" target=\"_blank\">\n\t\t\t\t\t\t<span class=\"elementor-button-content-wrapper\">\n\t\t\t\t\t\t\t\t\t<span class=\"elementor-button-text\">FORFAITS<\/span>\n\t\t\t\t\t<\/span>\n\t\t\t\t\t<\/a>\n\t\t\t\t<\/div>\n\t\t\t\t\t\t\t\t<\/div>\n\t\t\t\t<\/div>\n\t\t\t\t<\/div>\n\t\t\t\t\t<\/div>\n\t\t\t\t<\/div>\n\t\t\t\t<\/div>\n\t\t","protected":false},"excerpt":{"rendered":"<p>SOUMISSION Formulaire de soumission rapide Laissez nous un message d\u00e9taill\u00e9 afin de vous proposer les services qui conviennent \u00e0 vos besoins. Et visitez la section FORFAITS pour prendre connaissance de nos forfaits les plus populaires.\u00a0 Please enable JavaScript in your browser to complete this form.Please enable JavaScript in your browser to complete this form. Votre [&hellip;]<\/p>\n","protected":false},"author":1,"featured_media":0,"parent":0,"menu_order":0,"comment_status":"closed","ping_status":"closed","template":"","meta":{"om_disable_all_campaigns":false,"_monsterinsights_skip_tracking":false,"_monsterinsights_sitenote_active":false,"_monsterinsights_sitenote_note":"","_monsterinsights_sitenote_category":0,"footnotes":""},"class_list":["post-2597","page","type-page","status-publish","hentry"],"blocksy_meta":{"page_title_panel":"","has_hero_section":"disabled","e65efe06f5c26b6fec53993b1eefa379":"","hero_section":"type-1","hero_elements":[{"id":"custom_title","enabled":true,"heading_tag":"h1","title":"Home"},{"id":"custom_description","enabled":true,"description_visibility":{"desktop":true,"tablet":true,"mobile":false}},{"id":"custom_meta","enabled":false,"meta_elements":[{"id":"author","enabled":true,"label":"By","has_author_avatar":"yes","avatar_size":25},{"id":"post_date","enabled":true,"label":"On","date_format_source":"default","date_format":"M j, Y"},{"id":"updated_date","enabled":false,"label":"On","date_format_source":"default","date_format":"M j, Y"},{"id":"categories","enabled":false,"label":"In","style":"simple"},{"id":"comments","enabled":true}],"page_meta_elements":{"joined":true,"articles_count":true,"comments":true}},{"id":"breadcrumbs","enabled":false}],"f0dc2791d0e3ac51c558efd64f76436d":"","hero_alignment1":"CT_CSS_SKIP_RULE","hero_margin":40,"hero_alignment2":"center","hero_vertical_alignment":"center","f9b35e4f5ef99cc46c1222b7a5affa57":"","hero_structure":"narrow","f1941e252645e21f0071ec041a0647a3":"","page_title_bg_type":"featured_image","custom_hero_background":{"attachment_id":null},"page_title_image_size":"full","parallax":{"desktop":false,"tablet":false,"mobile":false},"049848563760a9c0aafc670283e97efc":"","hero_height":"250px","pageTitleFont":{"family":"Default","variation":"Default","size":"30px","line-height":"CT_CSS_SKIP_RULE","letter-spacing":"CT_CSS_SKIP_RULE","text-transform":"CT_CSS_SKIP_RULE","text-decoration":"CT_CSS_SKIP_RULE"},"pageTitleFontColor":{"default":{"color":"CT_CSS_SKIP_RULEDEFAULT"}},"pageMetaFont":{"family":"Default","variation":"n6","size":"12px","line-height":"1.3","letter-spacing":"CT_CSS_SKIP_RULE","text-transform":"uppercase","text-decoration":"CT_CSS_SKIP_RULE"},"pageMetaFontColor":{"default":{"color":"CT_CSS_SKIP_RULEDEFAULT"},"hover":{"color":"CT_CSS_SKIP_RULEDEFAULT"}},"page_meta_button_type_font_colors":{"default":{"color":"CT_CSS_SKIP_RULEDEFAULT"},"hover":{"color":"CT_CSS_SKIP_RULEDEFAULT"}},"page_meta_button_type_background_colors":{"default":{"color":"CT_CSS_SKIP_RULEDEFAULT"},"hover":{"color":"CT_CSS_SKIP_RULEDEFAULT"}},"pageExcerptFont":{"family":"Default","variation":"Default","size":"CT_CSS_SKIP_RULE","line-height":"CT_CSS_SKIP_RULE","letter-spacing":"CT_CSS_SKIP_RULE","text-transform":"CT_CSS_SKIP_RULE","text-decoration":"CT_CSS_SKIP_RULE"},"pageExcerptColor":{"default":{"color":"CT_CSS_SKIP_RULEDEFAULT"}},"breadcrumbsFont":{"family":"Default","variation":"Default","size":"CT_CSS_SKIP_RULE","line-height":"CT_CSS_SKIP_RULE","letter-spacing":"CT_CSS_SKIP_RULE","text-transform":"CT_CSS_SKIP_RULE","text-decoration":"CT_CSS_SKIP_RULE"},"breadcrumbsFontColor":{"default":{"color":"CT_CSS_SKIP_RULEDEFAULT"},"initial":{"color":"CT_CSS_SKIP_RULEDEFAULT"},"hover":{"color":"CT_CSS_SKIP_RULEDEFAULT"}},"pageTitleOverlay":{"background_type":"color","background_pattern":"type-1","background_image":{"attachment_id":null,"x":0,"y":0},"gradient":"linear-gradient(135deg,rgba(6,147,227,1) 0%,rgb(155,81,224) 100%)","background_repeat":"repeat","background_size":"auto","background_attachment":"scroll","patternColor":{"default":{"color":"#e5e7ea"}},"overlayColor":{"default":{"color":"CT_CSS_SKIP_RULE"}},"backgroundColor":{"default":{"color":"CT_CSS_SKIP_RULE"}}},"pageTitleBackground":{"background_type":"color","background_pattern":"type-1","background_image":{"attachment_id":null,"x":0,"y":0},"gradient":"linear-gradient(135deg,rgba(6,147,227,1) 0%,rgb(155,81,224) 100%)","background_repeat":"repeat","background_size":"auto","background_attachment":"scroll","patternColor":{"default":{"color":"#e5e7ea"}},"overlayColor":{"default":{"color":"CT_CSS_SKIP_RULE"}},"backgroundColor":{"default":{"color":"var(--theme-palette-color-6)"}}},"pageTitlePadding":{"top":"50px","bottom":"50px","left":"auto","right":"auto","linked":true},"ee16ce8fb8fdee9f30b7604785371ccf":"","page_structure_type":"default","dba01cf2c0bb436f0de0f1866213032f":"","content_style_source":"inherit","content_style":"wide","vertical_spacing_source":"custom","content_area_spacing":"none","background":{"background_type":"color","background_pattern":"type-1","background_image":{"attachment_id":null,"x":0,"y":0},"gradient":"linear-gradient(135deg,rgba(6,147,227,1) 0%,rgb(155,81,224) 100%)","background_repeat":"repeat","background_size":"auto","background_attachment":"scroll","patternColor":{"default":{"color":"#e5e7ea"}},"overlayColor":{"default":{"color":"CT_CSS_SKIP_RULE"}},"backgroundColor":{"default":{"color":"CT_CSS_SKIP_RULE"}}},"content_background":{"background_type":"color","background_pattern":"type-1","background_image":{"attachment_id":null,"x":0,"y":0},"gradient":"linear-gradient(135deg,rgba(6,147,227,1) 0%,rgb(155,81,224) 100%)","background_repeat":"repeat","background_size":"auto","background_attachment":"scroll","patternColor":{"default":{"color":"#e5e7ea"}},"overlayColor":{"default":{"color":"CT_CSS_SKIP_RULE"}},"backgroundColor":{"default":{"color":"var(--theme-palette-color-8)"}}},"content_boxed_shadow":{"inherit":false,"blur":18,"spread":-6,"v_offset":12,"h_offset":0,"inset":false,"enable":true,"color":{"color":"rgba(34, 56, 101, 0.04)"}},"content_boxed_border":{"width":1,"style":"none","color":{"color":"rgba(44,62,80,0.2)"}},"content_boxed_radius":{"top":"3px","bottom":"3px","left":"3px","right":"3px","linked":true},"boxed_content_spacing":{"desktop":{"top":"40px","bottom":"40px","left":"40px","right":"40px","linked":true},"tablet":{"top":"35px","bottom":"35px","left":"35px","right":"35px","linked":true},"mobile":{"top":"20px","bottom":"20px","left":"20px","right":"20px","linked":true}},"afaab42103ea13cb6440e52a73a2b14d":"","disable_featured_image":"no","disable_share_box":"no","disable_header":"no","disable_footer":"no","styles_descriptor":{"styles":{"desktop":"","tablet":"","mobile":""},"google_fonts":[],"version":6}},"aioseo_notices":[],"jetpack_sharing_enabled":true,"_links":{"self":[{"href":"https:\/\/laveautoadl.com\/index.php\/wp-json\/wp\/v2\/pages\/2597","targetHints":{"allow":["GET"]}}],"collection":[{"href":"https:\/\/laveautoadl.com\/index.php\/wp-json\/wp\/v2\/pages"}],"about":[{"href":"https:\/\/laveautoadl.com\/index.php\/wp-json\/wp\/v2\/types\/page"}],"author":[{"embeddable":true,"href":"https:\/\/laveautoadl.com\/index.php\/wp-json\/wp\/v2\/users\/1"}],"replies":[{"embeddable":true,"href":"https:\/\/laveautoadl.com\/index.php\/wp-json\/wp\/v2\/comments?post=2597"}],"version-history":[{"count":10,"href":"https:\/\/laveautoadl.com\/index.php\/wp-json\/wp\/v2\/pages\/2597\/revisions"}],"predecessor-version":[{"id":3242,"href":"https:\/\/laveautoadl.com\/index.php\/wp-json\/wp\/v2\/pages\/2597\/revisions\/3242"}],"wp:attachment":[{"href":"https:\/\/laveautoadl.com\/index.php\/wp-json\/wp\/v2\/media?parent=2597"}],"curies":[{"name":"wp","href":"https:\/\/api.w.org\/{rel}","templated":true}]}}